{"id":1762,"date":"2016-03-29T14:48:34","date_gmt":"2016-03-29T05:48:34","guid":{"rendered":"http:\/\/www.toyamajets.net\/home\/?page_id=1762"},"modified":"2016-03-30T10:01:56","modified_gmt":"2016-03-30T01:01:56","slug":"cleaning-vocabulary","status":"publish","type":"page","link":"https:\/\/www.toyamajets.net\/home\/toyama-ajet-2\/japanese-apartments-101\/cleaning-vocabulary","title":{"rendered":"Cleaning Vocabulary"},"content":{"rendered":"<p>So you need to clean your apartment but can&#8217;t tell dish soap from bleach? No worries, check out the list below of cleaning vocabulary to help you find just what you are looking for to make your apartment shine.<\/p>\n<h3>General<\/h3>\n<table>\n<tbody>\n<tr>\n<td><span style=\"font-weight: 400;\">Baking soda<\/span><\/td>\n<td><i><span style=\"font-weight: 400;\">J\u016bs\u014d <\/span><\/i><\/td>\n<td><span style=\"font-weight: 400;\">\u91cd\u66f9<\/span><\/td>\n<\/tr>\n<tr>\n<td><span style=\"font-weight: 400;\">Bleach <\/span><\/td>\n<td><i><span style=\"font-weight: 400;\">Hy<\/span><\/i><span style=\"font-weight: 400;\">\u014dhaku-zai <\/span><\/td>\n<td><span style=\"font-weight: 400;\">\u6f02\u767d\u5264<\/span><\/td>\n<\/tr>\n<tr>\n<td><span style=\"font-weight: 400;\">Carpet cleaner<\/span><\/td>\n<td><i><span style=\"font-weight: 400;\">J\u016btan-y\u014d senzai<\/span><\/i><\/td>\n<td><span style=\"font-weight: 400;\">\u3058\u3085\u3046\u305f\u3093\u7528\u6d17\u5264<\/span><\/td>\n<\/tr>\n<tr>\n<td><span style=\"font-weight: 400;\">Chlorine bleach<\/span><\/td>\n<td><i><span style=\"font-weight: 400;\">Ensokei hy\u014dhaku-zai<\/span><\/i><\/td>\n<td><span style=\"font-weight: 400;\">\u5869\u7d20\u7cfb\u6f02\u767d\u5264<\/span><\/td>\n<\/tr>\n<tr>\n<td><span style=\"font-weight: 400;\">Room freshener<\/span><\/td>\n<td><i><span style=\"font-weight: 400;\">H\u014dk\u014d-zai<\/span><\/i><\/td>\n<td><span style=\"font-weight: 400;\">\u82b3\u9999\u5264<\/span><\/td>\n<\/tr>\n<tr>\n<td><span style=\"font-weight: 400;\">Spot cleaner<\/span><\/td>\n<td><i><span style=\"font-weight: 400;\">Bubun -arai y\u014d senzai<\/span><\/i><\/td>\n<td><span style=\"font-weight: 400;\">\u90e8\u5206\u6d17\u3044\u7528\u6d17\u5264<\/span><\/td>\n<\/tr>\n<tr>\n<td><span style=\"font-weight: 400;\">Stain remover<\/span><\/td>\n<td><i><span style=\"font-weight: 400;\">Shimi-nuki -y\u014d senzai<\/span><\/i><\/td>\n<td><span style=\"font-weight: 400;\">\u3057\u307f\u629c\u304d\u7528\u6d17\u5264<\/span><\/td>\n<\/tr>\n<tr>\n<td><span style=\"font-weight: 400;\">Floor cleaner<\/span><\/td>\n<td><i><span style=\"font-weight: 400;\">Fukis\u014dji-y\u014d \u00a0senzai<\/span><\/i><\/td>\n<td><span style=\"font-weight: 400;\">\u62ed\u304d\u6383\u9664\u7528\u6d17\u5264<\/span><\/td>\n<\/tr>\n<tr>\n<td><span style=\"font-weight: 400;\">Floor wax<\/span><\/td>\n<td><i><span style=\"font-weight: 400;\">J\u016bka-y\u014d wakkusu<\/span><\/i><\/td>\n<td><span style=\"font-weight: 400;\">\u4f4f\u5bb6\u7528\u30ef\u30c3\u30af\u30b9<\/span><\/td>\n<\/tr>\n<tr>\n<td><span style=\"font-weight: 400;\">Furniture polish<\/span><\/td>\n<td><i><span style=\"font-weight: 400;\">Kagu no tsuya dashi<\/span><\/i><\/td>\n<td><span style=\"font-weight: 400;\">\u5bb6\u5177\u306e\u8276\u51fa\u3057<\/span><\/td>\n<\/tr>\n<\/tbody>\n<\/table>\n<p>&nbsp;<\/p>\n<h3>Laundry<\/h3>\n<table>\n<tbody>\n<tr>\n<td><span style=\"font-weight: 400;\">Color-safe (non-chlorine) bleach<\/span><\/td>\n<td><i><span style=\"font-weight: 400;\">Sansokei hy\u014dhaku-zai<\/span><\/i><\/td>\n<td><span style=\"font-weight: 400;\">\u9178\u7d20\u7cfb\u6f02\u767d\u5264<\/span><\/td>\n<\/tr>\n<tr>\n<td><span style=\"font-weight: 400;\">Detergent<\/span><\/td>\n<td><i><span style=\"font-weight: 400;\">G\u014dsei senzai<\/span><\/i><\/td>\n<td><span style=\"font-weight: 400;\">\u5408\u6210\u6d17\u5264<\/span><\/td>\n<\/tr>\n<tr>\n<td><span style=\"font-weight: 400;\">Fabric softener<\/span><\/td>\n<td><i><span style=\"font-weight: 400;\">J\u016bnan shiage-zai<\/span><\/i><\/td>\n<td><span style=\"font-weight: 400;\">\u67d4\u8edf\u4ed5\u4e0a\u3052\u5264<\/span><\/td>\n<\/tr>\n<tr>\n<td><span style=\"font-weight: 400;\">Laundry soap<\/span><\/td>\n<td><i><span style=\"font-weight: 400;\">Sentaku-y\u014d sekken<\/span><\/i><\/td>\n<td><span style=\"font-weight: 400;\">\u6d17\u6fef\u7528\u77f3\u3051\u3093<\/span><\/td>\n<\/tr>\n<tr>\n<td><span style=\"font-weight: 400;\">Laundry soap, phosphorus-free<\/span><\/td>\n<td><i><span style=\"font-weight: 400;\">Murin sentaku-y\u014d sekken<\/span><\/i><\/td>\n<td><span style=\"font-weight: 400;\">\u7121\u30ea\u30f3\u6d17\u6fef\u7528\u77f3\u3051\u3093<\/span><\/td>\n<\/tr>\n<tr>\n<td><span style=\"font-weight: 400;\">Powder soap<\/span><\/td>\n<td><i><span style=\"font-weight: 400;\">Kona sekken<\/span><\/i><\/td>\n<td><span style=\"font-weight: 400;\">\u7c89\u77f3\u3051\u3093<\/span><\/td>\n<\/tr>\n<tr>\n<td><span style=\"font-weight: 400;\">Starch (use in washing machine)<\/span><\/td>\n<td><i><span style=\"font-weight: 400;\">Sentaku nori<\/span><\/i><\/td>\n<td><span style=\"font-weight: 400;\">\u6d17\u6fef\u306e\u308a<\/span><\/td>\n<\/tr>\n<tr>\n<td><span style=\"font-weight: 400;\">Starch spray (for ironing)<\/span><\/td>\n<td><i><span style=\"font-weight: 400;\">Sentaku nori supur\u0113<\/span><\/i><\/td>\n<td><span style=\"font-weight: 400;\">\u6d17\u6fef\u306e\u308a\u30b9\u30d7\u30ec\u30fc<\/span><\/td>\n<\/tr>\n<tr>\n<td><span style=\"font-weight: 400;\">Washing machine cleaner<\/span><\/td>\n<td><i><span style=\"font-weight: 400;\">Sentaku-s\u014d kur\u012bn\u0101<\/span><\/i><\/td>\n<td><span style=\"font-weight: 400;\">\u6d17\u6fef\u69fd\u30af\u30ea\u30fc\u30ca\u30fc<\/span><\/td>\n<\/tr>\n<tr>\n<td><span style=\"font-weight: 400;\">Wool cleaner<\/span><\/td>\n<td><i><span style=\"font-weight: 400;\">\u016aru-y\u014d senzai<\/span><\/i><\/td>\n<td><span style=\"font-weight: 400;\">\u30a6\u30fc\u30eb\u7528\u6d17\u5264<\/span><\/td>\n<\/tr>\n<\/tbody>\n<\/table>\n<p>&nbsp;<\/p>\n<h3>Pest Control<\/h3>\n<table>\n<tbody>\n<tr>\n<td><span style=\"font-weight: 400;\">Mosquito repellent (incense coil)<\/span><\/td>\n<td><i><span style=\"font-weight: 400;\">Ka-tori senk\u014d <\/span><\/i><\/td>\n<td><span style=\"font-weight: 400;\">\u868a\u53d6\u308a\u7dda\u9999<\/span><\/td>\n<\/tr>\n<tr>\n<td><span style=\"font-weight: 400;\">Mosquito repellent (electric)<\/span><\/td>\n<td><i><span style=\"font-weight: 400;\">Denshi katori<\/span><\/i><\/td>\n<td><span style=\"font-weight: 400;\">\u96fb\u5b50\u868a\u53d6\u308a<\/span><\/td>\n<\/tr>\n<tr>\n<td><span style=\"font-weight: 400;\">Moth repellent <\/span><\/td>\n<td><i><span style=\"font-weight: 400;\">B\u014dch\u016bzai<\/span><\/i><\/td>\n<td><span style=\"font-weight: 400;\">\u9632\u866b\u5264<\/span><\/td>\n<\/tr>\n<tr>\n<td><span style=\"font-weight: 400;\">Roach traps (catches with tape)<\/span><\/td>\n<td><i><span style=\"font-weight: 400;\">Gokiburi hoihoi<\/span><\/i><\/td>\n<td><span style=\"font-weight: 400;\">\u30b4\u30ad\u30d6\u30ea\u30db\u30a4\u30db\u30a4<\/span><\/td>\n<\/tr>\n<tr>\n<td><span style=\"font-weight: 400;\">Roach hotels (poison, kills eggs too)<\/span><\/td>\n<td colspan=\"2\"><span style=\"font-weight: 400;\">There\u2019s no generic name, but a good name brand to try is \u201cCombat\u201d \u3000\u30b3\u30f3\u30d0\u30c3\u30c8\u3000<\/span><\/td>\n<\/tr>\n<tr>\n<td><span style=\"font-weight: 400;\">Ant spray<\/span><\/td>\n<td><i><span style=\"font-weight: 400;\">Ari no sacch\u016b-zai<\/span><\/i><\/td>\n<td><span style=\"font-weight: 400;\">\u30a2\u30ea\u306e\u6bba\u866b\u5264<\/span><\/td>\n<\/tr>\n<tr>\n<td><span style=\"font-weight: 400;\">Dani (tatami mite) killer<\/span><\/td>\n<td><i><span style=\"font-weight: 400;\">Dani no kujo<\/span><\/i><\/td>\n<td><span style=\"font-weight: 400;\">\u30c0\u30cb\u306e\u99c6\u9664<\/span><\/td>\n<\/tr>\n<\/tbody>\n<\/table>\n<p>&nbsp;<\/p>\n<h3>Sinks and Drains<\/h3>\n<table>\n<tbody>\n<tr>\n<td><span style=\"font-weight: 400;\">Bath heater cleaner<\/span><\/td>\n<td><i><span style=\"font-weight: 400;\">Furokama-y\u014d senj\u014d-zai<\/span><\/i><\/td>\n<td><span style=\"font-weight: 400;\">\u98a8\u5442\u91dc\u7528\u6d17\u6d44\u5264<\/span><\/td>\n<\/tr>\n<tr>\n<td><span style=\"font-weight: 400;\">Bathtub cleaner<\/span><\/td>\n<td><i><span style=\"font-weight: 400;\">Furo-y\u014d senzai<\/span><\/i><\/td>\n<td><span style=\"font-weight: 400;\">\u98a8\u5442\u7528\u6d17\u5264<\/span><\/td>\n<\/tr>\n<tr>\n<td><span style=\"font-weight: 400;\">Dish soap<\/span><\/td>\n<td><i><span style=\"font-weight: 400;\">Shokki-y\u014d ekitai senzai<\/span><\/i><\/td>\n<td><span style=\"font-weight: 400;\">\u98df\u5668\u7528\u6db2\u4f53\u6d17\u5264<\/span><\/td>\n<\/tr>\n<tr>\n<td><span style=\"font-weight: 400;\">Dishwasher detergent<\/span><\/td>\n<td><i><span style=\"font-weight: 400;\">shokki-arai -y\u014d senzai <\/span><\/i><\/td>\n<td><span style=\"font-weight: 400;\">\u98df\u5668\u6d17\u3044\u7528\u6d17\u5264<\/span><\/td>\n<\/tr>\n<tr>\n<td><span style=\"font-weight: 400;\">Drain cleaner<\/span><\/td>\n<td><i><span style=\"font-weight: 400;\">Paipu ku\u012bn\u0101<\/span><\/i><\/td>\n<td><span style=\"font-weight: 400;\">\u30d1\u30a4\u30d7\u30af\u30ea\u30fc\u30ca\u30fc<\/span><\/td>\n<\/tr>\n<tr>\n<td><span style=\"font-weight: 400;\">Sink cleaner<\/span><\/td>\n<td><i><span style=\"font-weight: 400;\">Nagashi-y\u014d senzai <\/span><\/i><\/td>\n<td><span style=\"font-weight: 400;\">\u6d41\u3057\u7528\u6d17\u5264<\/span><\/td>\n<\/tr>\n<\/tbody>\n<\/table>\n<p>&nbsp;<\/p>\n<h3>Mold and Mildew Control<\/h3>\n<table>\n<tbody>\n<tr>\n<td><span style=\"font-weight: 400;\">Dehumidifying pellets<\/span><\/td>\n<td><i><span style=\"font-weight: 400;\">Shikke tori<\/span><\/i><\/td>\n<td><span style=\"font-weight: 400;\">\u6e7f\u6c17\u53d6\u308a<\/span><\/td>\n<\/tr>\n<tr>\n<td><span style=\"font-weight: 400;\">Mildew cleaner<\/span><\/td>\n<td><i><span style=\"font-weight: 400;\">Kabi kir\u0101<\/span><\/i><\/td>\n<td><span style=\"font-weight: 400;\">\u30ab\u30d3\u30ad\u30e9\u30fc<\/span><\/td>\n<\/tr>\n<tr>\n<td><span style=\"font-weight: 400;\">Moisture collectors<\/span><\/td>\n<td><i><span style=\"font-weight: 400;\">Joshitsu-zai <\/span><\/i><\/td>\n<td><span style=\"font-weight: 400;\">\u9664\u6e7f\u5264<\/span><\/td>\n<\/tr>\n<\/tbody>\n<\/table>\n<h3><\/h3>\n<h3>Toilets<\/h3>\n<table>\n<tbody>\n<tr>\n<td><span style=\"font-weight: 400;\">For toilets<\/span><\/td>\n<td><i><span style=\"font-weight: 400;\">Toire-y\u014d <\/span><\/i><\/td>\n<td><span style=\"font-weight: 400;\">\u30c8\u30a4\u30ec\u7528<\/span><\/td>\n<\/tr>\n<tr>\n<td><span style=\"font-weight: 400;\">Toilet cleaner<\/span><\/td>\n<td><i><span style=\"font-weight: 400;\">Toire-y\u014d senzai<\/span><\/i><\/td>\n<td><span style=\"font-weight: 400;\">\u30c8\u30a4\u30ec\u7528\u6d17\u5264<\/span><\/td>\n<\/tr>\n<tr>\n<td><span style=\"font-weight: 400;\">Toilet cleaner, natural type<\/span><\/td>\n<td><i><span style=\"font-weight: 400;\">Toire-y\u014d senzai ch\u016bsei<\/span><\/i><\/td>\n<td><span style=\"font-weight: 400;\">\u30c8\u30a4\u30ec\u7528\u6d17\u5264\u4e2d\u6027<\/span><\/td>\n<\/tr>\n<tr>\n<td><span style=\"font-weight: 400;\">Toilet cleaner, chlorine type<\/span><\/td>\n<td><i><span style=\"font-weight: 400;\">Toire-y\u014d senzai ensokei<\/span><\/i><\/td>\n<td><span style=\"font-weight: 400;\">\u30c8\u30a4\u30ec\u7528\u6d17\u5264\u5869\u7d20\u7cfb<\/span><\/td>\n<\/tr>\n<tr>\n<td><span style=\"font-weight: 400;\">Toilet cleaner, acid type<\/span><\/td>\n<td><i><span style=\"font-weight: 400;\">Toire-y\u014d senzai sansei taipu<\/span><\/i><\/td>\n<td><span style=\"font-weight: 400;\">\u30c8\u30a4\u30ec\u7528\u6d17\u5264\u9178\u6027\u30bf\u30a4\u30d7<\/span><\/td>\n<\/tr>\n<tr>\n<td><span style=\"font-weight: 400;\">Toilet cleaner, antibacterial type<\/span><\/td>\n<td><i><span style=\"font-weight: 400;\">Toire-y\u014d senzai jokin senj\u014d<\/span><\/i><\/td>\n<td><span style=\"font-weight: 400;\">\u30c8\u30a4\u30ec\u7528\u6d17\u5264\u9664\u83cc\u6d17\u6d44<\/span><\/td>\n<\/tr>\n<tr>\n<td><span style=\"font-weight: 400;\">Toilet plunger<\/span><\/td>\n<td><i><span style=\"font-weight: 400;\">Tsumari tori<\/span><\/i><\/td>\n<td><span style=\"font-weight: 400;\">\u3064\u307e\u308a\u3068\u308a<\/span><\/td>\n<\/tr>\n<\/tbody>\n<\/table>\n","protected":false},"excerpt":{"rendered":"<p>So you need to clean your apartment but can&#8217;t tell dish soap from bleach? No worries, check out the list below of cleaning vocabulary to help you find just what [&hellip;]<\/p>\n","protected":false},"author":13,"featured_media":0,"parent":1741,"menu_order":0,"comment_status":"closed","ping_status":"closed","template":"","meta":{"footnotes":""},"class_list":["post-1762","page","type-page","status-publish","hentry","count-0","even alt","author-toyamapa","last"],"_links":{"self":[{"href":"https:\/\/www.toyamajets.net\/home\/wp-json\/wp\/v2\/pages\/1762","targetHints":{"allow":["GET"]}}],"collection":[{"href":"https:\/\/www.toyamajets.net\/home\/wp-json\/wp\/v2\/pages"}],"about":[{"href":"https:\/\/www.toyamajets.net\/home\/wp-json\/wp\/v2\/types\/page"}],"author":[{"embeddable":true,"href":"https:\/\/www.toyamajets.net\/home\/wp-json\/wp\/v2\/users\/13"}],"replies":[{"embeddable":true,"href":"https:\/\/www.toyamajets.net\/home\/wp-json\/wp\/v2\/comments?post=1762"}],"version-history":[{"count":8,"href":"https:\/\/www.toyamajets.net\/home\/wp-json\/wp\/v2\/pages\/1762\/revisions"}],"predecessor-version":[{"id":1771,"href":"https:\/\/www.toyamajets.net\/home\/wp-json\/wp\/v2\/pages\/1762\/revisions\/1771"}],"up":[{"embeddable":true,"href":"https:\/\/www.toyamajets.net\/home\/wp-json\/wp\/v2\/pages\/1741"}],"wp:attachment":[{"href":"https:\/\/www.toyamajets.net\/home\/wp-json\/wp\/v2\/media?parent=1762"}],"curies":[{"name":"wp","href":"https:\/\/api.w.org\/{rel}","templated":true}]}}